{"id":556,"date":"2022-03-30T17:44:41","date_gmt":"2022-03-30T17:44:41","guid":{"rendered":"https:\/\/klienci.inter-aktywni.pl\/jomadent-kopia\/?page_id=556"},"modified":"2023-07-06T05:54:25","modified_gmt":"2023-07-06T05:54:25","slug":"zespol-medyczny","status":"publish","type":"page","link":"https:\/\/klienci.inter-aktywni.pl\/jomadent-kopia\/zespol-medyczny\/","title":{"rendered":"Zesp\u00f3\u0142 medyczny"},"content":{"rendered":"<div class=\"vce-row-container\"><div class=\"vce-row vce-row--col-gap-30 vce-row-no-paddings vce-row-equal-height vce-row-content--top\" data-vce-full-width=\"true\" data-vce-stretch-content=\"true\" id=\"el-9ba16da4\" data-vce-do-apply=\"all el-9ba16da4\"><div class=\"vce-content-background-container\"><\/div><div class=\"vce-row-content\" data-vce-element-content=\"true\"><div class=\"vce-col vce-col--md-auto vce-col--xs-1 vce-col--xs-last vce-col--xs-first vce-col--sm-last vce-col--sm-first vce-col--md-last vce-col--lg-last vce-col--xl-last vce-col--md-first vce-col--lg-first vce-col--xl-first\" id=\"el-4b78ae33\"><div class=\"vce-col-inner\" data-vce-do-apply=\"border margin background  el-4b78ae33\"><div class=\"vce-col-content\" data-vce-element-content=\"true\" data-vce-do-apply=\"padding el-4b78ae33\"><div class=\"vce-single-image-container vce-single-image--align-center\"><div class=\"vce vce-single-image-wrapper\" id=\"el-d3f3c96d\" data-vce-do-apply=\"all el-d3f3c96d\"><figure><div class=\"vce-single-image-figure-inner\" style=\"width: 1920px;\"><div class=\"vce-single-image-inner vce-single-image--absolute\" style=\"width: 100%; padding-bottom: 31.25%;\"><img decoding=\"async\" class=\"vce-single-image\" src=\"https:\/\/klienci.inter-aktywni.pl\/jomadent-kopia\/wp-content\/uploads\/2022\/03\/banner_header.jpg\" data-img-src=\"https:\/\/klienci.inter-aktywni.pl\/jomadent-kopia\/wp-content\/uploads\/2022\/03\/banner_header.jpg\" data-attachment-id=\"303\" alt=\"\" title=\"banner_header\"><\/div><\/div><figcaption hidden=\"\"><\/figcaption><\/figure><\/div><\/div><\/div><\/div><\/div><\/div><\/div><\/div><div class=\"vce-row-container\" data-vce-boxed-width=\"true\"><div class=\"vce-row vce-row--col-gap-30 vce-row-equal-height vce-row-content--top\" id=\"el-cee3e77d\" data-vce-do-apply=\"all el-cee3e77d\"><div class=\"vce-content-background-container\"><\/div><div class=\"vce-row-content\" data-vce-element-content=\"true\"><div class=\"vce-col vce-col--md-auto vce-col--xs-1 vce-col--xs-last vce-col--xs-first vce-col--sm-last vce-col--sm-first vce-col--md-last vce-col--lg-last vce-col--xl-last vce-col--md-first vce-col--lg-first vce-col--xl-first\" id=\"el-914a653f\"><div class=\"vce-col-inner\" data-vce-do-apply=\"border margin background  el-914a653f\"><div class=\"vce-col-content\" data-vce-element-content=\"true\" data-vce-do-apply=\"padding el-914a653f\"><div class=\"vce-text-block\"><div class=\"vce-text-block-wrapper vce\" id=\"el-0ec669d3\" data-vce-do-apply=\"all el-0ec669d3\"><h3 style=\"text-align: right;\">LEKARZE SPECJALI\u015aCI<\/h3><\/div><\/div><div class=\"vce-text-block\"><div class=\"vce-text-block-wrapper vce\" id=\"el-3e80e7b3\" data-vce-do-apply=\"all el-3e80e7b3\"><h1 style=\"text-align: right;\"><span style=\"font-size: 36pt; color: #333333;\"><em><span style=\"font-family: Anton; letter-spacing: 1px;\">Zesp\u00f3\u0142 medyczny<\/span><\/em><\/span><\/h1><\/div><\/div><div class=\"vce vce-separator-container vce-separator--align-right vce-separator--style-solid\" id=\"el-a97db425\" data-vce-do-apply=\"margin el-a97db425\"><div class=\"vce-separator vce-separator--color-ba-0-178-227-0-56 vce-separator--width-20 vce-separator--thickness-3\" data-vce-do-apply=\"border padding background  el-a97db425\"><\/div><\/div><\/div><\/div><\/div><\/div><\/div><\/div><div class=\"vce-row-container\" data-vce-boxed-width=\"true\"><div class=\"vce-row vce-row--col-gap-30 vce-row-equal-height vce-row-content--top\" id=\"el-fc8d29e0\" data-vce-do-apply=\"all el-fc8d29e0\"><div class=\"vce-content-background-container\"><\/div><div class=\"vce-row-content\" data-vce-element-content=\"true\"><div class=\"vce-col vce-col--md-auto vce-col--xs-1 vce-col--xs-last vce-col--xs-first vce-col--sm-last vce-col--sm-first vce-col--md-last vce-col--lg-last vce-col--xl-last vce-col--md-first vce-col--lg-first vce-col--xl-first\" id=\"el-a30ac653\"><div class=\"vce-col-inner\" data-vce-do-apply=\"border margin background  el-a30ac653\"><div class=\"vce-col-content\" data-vce-element-content=\"true\" data-vce-do-apply=\"padding el-a30ac653\"><div class=\"vce-tabs-with-slide\" id=\"el-0beb702a\" data-vce-do-apply=\"all el-0beb702a\" data-active-tab=\"1\" style=\"--alignment: left; --slideColor: rgb(29, 160, 197);\"><div class=\"vce-tabs-with-slide-inner\"><div class=\"vce-tabs-with-slide-container\"><div class=\"vce-tabs-with-slide-list\" role=\"tablist\" aria-label=\"Tabs with slide\"><span class=\"vce-tabs-with-slide-slider\"><\/span><div class=\"vce-tabs-with-slide-tab\" data-vce-target-model-id=\"6a844ec4\" data-vce-tab=\"true\"><a class=\"vce-tabs-with-slide-tab-title\" data-vce-use-cache=\"false\" data-vce-tabs=\"true\" data-vce-target=\"[data-model-id=6a844ec4]\" data-vce-container=\".vce-tabs-with-slide-inner\" href=\"#el-6a844ec4\" role=\"tab\" aria-selected=\"true\" aria-controls=\"el-6a844ec4\" id=\"tab-6a844ec4\">WSZYSCY LEKARZE<\/a><\/div><div class=\"vce-tabs-with-slide-tab\" data-vce-target-model-id=\"e690f234\" data-vce-tab=\"true\"><a class=\"vce-tabs-with-slide-tab-title\" data-vce-use-cache=\"false\" data-vce-tabs=\"true\" data-vce-target=\"[data-model-id=e690f234]\" data-vce-container=\".vce-tabs-with-slide-inner\" href=\"#el-e690f234\" role=\"tab\" aria-selected=\"false\" aria-controls=\"el-e690f234\" id=\"tab-e690f234\">Stomatologia<\/a><\/div><div class=\"vce-tabs-with-slide-tab\" data-vce-target-model-id=\"cc4b56fd\" data-vce-tab=\"true\"><a class=\"vce-tabs-with-slide-tab-title\" data-vce-use-cache=\"false\" data-vce-tabs=\"true\" data-vce-target=\"[data-model-id=cc4b56fd]\" data-vce-container=\".vce-tabs-with-slide-inner\" href=\"#el-cc4b56fd\" role=\"tab\" aria-selected=\"false\" aria-controls=\"el-cc4b56fd\" id=\"tab-cc4b56fd\">Poradnie Specjalistyczne<\/a><\/div><div class=\"vce-tabs-with-slide-tab\" data-vce-target-model-id=\"03903d25\" data-vce-tab=\"true\"><a class=\"vce-tabs-with-slide-tab-title\" data-vce-use-cache=\"false\" data-vce-tabs=\"true\" data-vce-target=\"[data-model-id=03903d25]\" data-vce-container=\".vce-tabs-with-slide-inner\" href=\"#el-03903d25\" role=\"tab\" aria-selected=\"false\" aria-controls=\"el-03903d25\" id=\"tab-03903d25\">Rehabilitacja<\/a><\/div><\/div><\/div><div class=\"vce-tabs-with-slide-panels-container\"><div class=\"vce-tabs-with-slide-panels\"><div class=\"vce-tabs-with-slide-panel\" id=\"el-6a844ec4\" data-model-id=\"6a844ec4\" data-vce-content=\".vce-tabs-with-slide-panel-body\"><div class=\"vce-tabs-with-slide-tab-inner\"><div class=\"vce-tabs-with-slide-panel-heading\"><a class=\"vce-tabs-with-slide-panel-title\" href=\"#el-6a844ec4\" data-vce-target=\"[data-model-id=6a844ec4]\" data-vce-use-cache=\"false\" data-vce-accordion=\"\" data-vce-container=\".vce-tabs-with-slide-inner\" role=\"tab\" aria-selected=\"true\" aria-controls=\"el-6a844ec4\" id=\"accordion-6a844ec4\"><span>WSZYSCY LEKARZE<\/span><\/a><\/div><div class=\"vce-tabs-with-slide-panel-body\" role=\"tabpanel\" aria-labelledby=\"tab-6a844ec4 accordion-6a844ec4\" data-vce-do-apply=\"all el-6a844ec4\" style=\"\"><div class=\"vce-tabs-with-slide-element-container\" data-js-panel-body=\"\"><div class=\"vce-shortcode\"><div class=\"vce-shortcode-wrapper vce\" id=\"el-230c224a\" data-vce-do-apply=\"all el-230c224a\">[spost_grid id=\"7\"]<\/div><\/div><\/div><\/div><\/div><\/div><div class=\"vce-tabs-with-slide-panel\" id=\"el-e690f234\" data-model-id=\"e690f234\" data-vce-content=\".vce-tabs-with-slide-panel-body\"><div class=\"vce-tabs-with-slide-tab-inner\"><div class=\"vce-tabs-with-slide-panel-heading\"><a class=\"vce-tabs-with-slide-panel-title\" href=\"#el-e690f234\" data-vce-target=\"[data-model-id=e690f234]\" data-vce-use-cache=\"false\" data-vce-accordion=\"\" data-vce-container=\".vce-tabs-with-slide-inner\" role=\"tab\" aria-selected=\"false\" aria-controls=\"el-e690f234\" id=\"accordion-e690f234\"><span>Stomatologia<\/span><\/a><\/div><div class=\"vce-tabs-with-slide-panel-body\" role=\"tabpanel\" aria-labelledby=\"tab-e690f234 accordion-e690f234\" data-vce-do-apply=\"all el-e690f234\" hidden=\"hidden\"><div class=\"vce-tabs-with-slide-element-container\" data-js-panel-body=\"\"><div class=\"vce-shortcode\"><div class=\"vce-shortcode-wrapper vce\" id=\"el-94eab260\" data-vce-do-apply=\"all el-94eab260\">[spost_grid id=\"8\"]<\/div><\/div><\/div><\/div><\/div><\/div><div class=\"vce-tabs-with-slide-panel\" id=\"el-cc4b56fd\" data-model-id=\"cc4b56fd\" data-vce-content=\".vce-tabs-with-slide-panel-body\"><div class=\"vce-tabs-with-slide-tab-inner\"><div class=\"vce-tabs-with-slide-panel-heading\"><a class=\"vce-tabs-with-slide-panel-title\" href=\"#el-cc4b56fd\" data-vce-target=\"[data-model-id=cc4b56fd]\" data-vce-use-cache=\"false\" data-vce-accordion=\"\" data-vce-container=\".vce-tabs-with-slide-inner\" role=\"tab\" aria-selected=\"false\" aria-controls=\"el-cc4b56fd\" id=\"accordion-cc4b56fd\"><span>Poradnie Specjalistyczne<\/span><\/a><\/div><div class=\"vce-tabs-with-slide-panel-body\" role=\"tabpanel\" aria-labelledby=\"tab-cc4b56fd accordion-cc4b56fd\" data-vce-do-apply=\"all el-cc4b56fd\" hidden=\"hidden\"><div class=\"vce-tabs-with-slide-element-container\" data-js-panel-body=\"\"><div class=\"vce-shortcode\"><div class=\"vce-shortcode-wrapper vce\" id=\"el-af3f76a3\" data-vce-do-apply=\"all el-af3f76a3\">[spost_grid id=\"9\"]<\/div><\/div><\/div><\/div><\/div><\/div><div class=\"vce-tabs-with-slide-panel\" id=\"el-03903d25\" data-model-id=\"03903d25\" data-vce-content=\".vce-tabs-with-slide-panel-body\"><div class=\"vce-tabs-with-slide-tab-inner\"><div class=\"vce-tabs-with-slide-panel-heading\"><a class=\"vce-tabs-with-slide-panel-title\" href=\"#el-03903d25\" data-vce-target=\"[data-model-id=03903d25]\" data-vce-use-cache=\"false\" data-vce-accordion=\"\" data-vce-container=\".vce-tabs-with-slide-inner\" role=\"tab\" aria-selected=\"false\" aria-controls=\"el-03903d25\" id=\"accordion-03903d25\"><span>Rehabilitacja<\/span><\/a><\/div><div class=\"vce-tabs-with-slide-panel-body\" role=\"tabpanel\" aria-labelledby=\"tab-03903d25 accordion-03903d25\" data-vce-do-apply=\"all el-03903d25\" style=\"\" hidden=\"hidden\"><div class=\"vce-tabs-with-slide-element-container\" data-js-panel-body=\"\"><div class=\"vce-shortcode\"><div class=\"vce-shortcode-wrapper vce\" id=\"el-9377dec2\" data-vce-do-apply=\"all el-9377dec2\">[spost_grid id=\"10\"]<\/div><\/div><\/div><\/div><\/div><\/div><\/div><\/div><\/div><\/div><\/div><\/div><\/div><\/div><\/div><\/div>\n","protected":false},"excerpt":{"rendered":"<p>LEKARZE SPECJALI\u015aCIZesp\u00f3\u0142 medycznyWSZYSCY LEKARZEStomatologiaPoradnie SpecjalistyczneRehabilitacjaWSZYSCY LEKARZE[spost_grid id=&#8221;7&#8243;]Stomatologia[spost_grid id=&#8221;8&#8243;]Poradnie Specjalistyczne[spost_grid id=&#8221;9&#8243;]Rehabilitacja[spost_grid id=&#8221;10&#8243;]<\/p>\n","protected":false},"author":1,"featured_media":0,"parent":0,"menu_order":0,"comment_status":"closed","ping_status":"closed","template":"","meta":{"_acf_changed":false,"_monsterinsights_skip_tracking":false,"_monsterinsights_sitenote_active":false,"_monsterinsights_sitenote_note":"","_monsterinsights_sitenote_category":0,"site-sidebar-layout":"default","site-content-layout":"default","ast-site-content-layout":"default","site-content-style":"default","site-sidebar-style":"default","ast-global-header-display":"","ast-banner-title-visibility":"","ast-main-header-display":"","ast-hfb-above-header-display":"","ast-hfb-below-header-display":"","ast-hfb-mobile-header-display":"","site-post-title":"","ast-breadcrumbs-content":"","ast-featured-img":"","footer-sml-layout":"","ast-disable-related-posts":"","theme-transparent-header-meta":"default","adv-header-id-meta":"","stick-header-meta":"","header-above-stick-meta":"","header-main-stick-meta":"","header-below-stick-meta":"","astra-migrate-meta-layouts":"default","ast-page-background-enabled":"default","ast-page-background-meta":{"desktop":{"background-color":"var(--ast-global-color-4)","background-image":"","background-repeat":"repeat","background-position":"center center","background-size":"auto","background-attachment":"scroll","background-type":"","background-media":"","overlay-type":"","overlay-color":"","overlay-opacity":"","overlay-gradient":""},"tablet":{"background-color":"","background-image":"","background-repeat":"repeat","background-position":"center center","background-size":"auto","background-attachment":"scroll","background-type":"","background-media":"","overlay-type":"","overlay-color":"","overlay-opacity":"","overlay-gradient":""},"mobile":{"background-color":"","background-image":"","background-repeat":"repeat","background-position":"center center","background-size":"auto","background-attachment":"scroll","background-type":"","background-media":"","overlay-type":"","overlay-color":"","overlay-opacity":"","overlay-gradient":""}},"ast-content-background-meta":{"desktop":{"background-color":"var(--ast-global-color-5)","background-image":"","background-repeat":"repeat","background-position":"center center","background-size":"auto","background-attachment":"scroll","background-type":"","background-media":"","overlay-type":"","overlay-color":"","overlay-opacity":"","overlay-gradient":""},"tablet":{"background-color":"var(--ast-global-color-5)","background-image":"","background-repeat":"repeat","background-position":"center center","background-size":"auto","background-attachment":"scroll","background-type":"","background-media":"","overlay-type":"","overlay-color":"","overlay-opacity":"","overlay-gradient":""},"mobile":{"background-color":"var(--ast-global-color-5)","background-image":"","background-repeat":"repeat","background-position":"center center","background-size":"auto","background-attachment":"scroll","background-type":"","background-media":"","overlay-type":"","overlay-color":"","overlay-opacity":"","overlay-gradient":""}},"footnotes":""},"class_list":["post-556","page","type-page","status-publish","hentry"],"acf":[],"rttpg_featured_image_url":null,"rttpg_author":{"display_name":"admin","author_link":"https:\/\/klienci.inter-aktywni.pl\/jomadent-kopia\/author\/admin\/"},"rttpg_comment":0,"rttpg_category":null,"rttpg_excerpt":"LEKARZE SPECJALI\u015aCIZesp\u00f3\u0142 medycznyWSZYSCY LEKARZEStomatologiaPoradnie SpecjalistyczneRehabilitacjaWSZYSCY LEKARZE[spost_grid id=\"7\"]Stomatologia[spost_grid id=\"8\"]Poradnie Specjalistyczne[spost_grid id=\"9\"]Rehabilitacja[spost_grid id=\"10\"]","_links":{"self":[{"href":"https:\/\/klienci.inter-aktywni.pl\/jomadent-kopia\/wp-json\/wp\/v2\/pages\/556","targetHints":{"allow":["GET"]}}],"collection":[{"href":"https:\/\/klienci.inter-aktywni.pl\/jomadent-kopia\/wp-json\/wp\/v2\/pages"}],"about":[{"href":"https:\/\/klienci.inter-aktywni.pl\/jomadent-kopia\/wp-json\/wp\/v2\/types\/page"}],"author":[{"embeddable":true,"href":"https:\/\/klienci.inter-aktywni.pl\/jomadent-kopia\/wp-json\/wp\/v2\/users\/1"}],"replies":[{"embeddable":true,"href":"https:\/\/klienci.inter-aktywni.pl\/jomadent-kopia\/wp-json\/wp\/v2\/comments?post=556"}],"version-history":[{"count":0,"href":"https:\/\/klienci.inter-aktywni.pl\/jomadent-kopia\/wp-json\/wp\/v2\/pages\/556\/revisions"}],"wp:attachment":[{"href":"https:\/\/klienci.inter-aktywni.pl\/jomadent-kopia\/wp-json\/wp\/v2\/media?parent=556"}],"curies":[{"name":"wp","href":"https:\/\/api.w.org\/{rel}","templated":true}]}}