{"id":281,"date":"2022-03-07T07:13:42","date_gmt":"2022-03-07T07:13:42","guid":{"rendered":"https:\/\/klienci.inter-aktywni.pl\/jomadent-kopia\/?page_id=281"},"modified":"2025-10-13T12:02:26","modified_gmt":"2025-10-13T10:02:26","slug":"poradnie-specjalistyczne","status":"publish","type":"page","link":"https:\/\/klienci.inter-aktywni.pl\/jomadent-kopia\/poradnie-specjalistyczne\/","title":{"rendered":"Poradnie Specjalistyczne"},"content":{"rendered":"<div class=\"vce-row-container\"><div class=\"vce-row vce-row--col-gap-30 vce-row-no-paddings vce-row-equal-height vce-row-content--top\" data-vce-full-width=\"true\" data-vce-stretch-content=\"true\" id=\"el-6477c5f8\" data-vce-do-apply=\"all el-6477c5f8\"><div class=\"vce-content-background-container\"><\/div><div class=\"vce-row-content\" data-vce-element-content=\"true\"><div class=\"vce-col vce-col--md-auto vce-col--xs-1 vce-col--xs-last vce-col--xs-first vce-col--sm-last vce-col--sm-first vce-col--md-last vce-col--lg-last vce-col--xl-last vce-col--md-first vce-col--lg-first vce-col--xl-first\" id=\"el-5a4c95a3\"><div class=\"vce-col-inner\" data-vce-do-apply=\"border margin background  el-5a4c95a3\"><div class=\"vce-col-content\" data-vce-element-content=\"true\" data-vce-do-apply=\"padding el-5a4c95a3\"><div class=\"vce-single-image-container vce-single-image--align-center\"><div class=\"vce vce-single-image-wrapper\" id=\"el-9cc0fcf1\" data-vce-do-apply=\"all el-9cc0fcf1\"><figure><div class=\"vce-single-image-figure-inner\" style=\"width: 1920px;\"><div class=\"vce-single-image-inner vce-single-image--absolute\" style=\"width: 100%; padding-bottom: 31.25%;\"><img decoding=\"async\" class=\"vce-single-image\" src=\"https:\/\/klienci.inter-aktywni.pl\/jomadent-kopia\/wp-content\/uploads\/2022\/03\/banner_header.jpg\" data-img-src=\"https:\/\/klienci.inter-aktywni.pl\/jomadent-kopia\/wp-content\/uploads\/2022\/03\/banner_header.jpg\" data-attachment-id=\"303\" alt=\"\" title=\"banner_header\"><\/div><\/div><figcaption hidden=\"\"><\/figcaption><\/figure><\/div><\/div><\/div><\/div><\/div><\/div><\/div><\/div><div class=\"vce-row-container\" data-vce-boxed-width=\"true\"><div class=\"vce-row vce-row--col-gap-30 vce-row-equal-height vce-row-content--top\" id=\"el-55e51c7c\" data-vce-do-apply=\"all el-55e51c7c\"><div class=\"vce-content-background-container\"><\/div><div class=\"vce-row-content\" data-vce-element-content=\"true\"><div class=\"vce-col vce-col--md-auto vce-col--xs-1 vce-col--xs-last vce-col--xs-first vce-col--sm-last vce-col--sm-first vce-col--md-last vce-col--lg-last vce-col--xl-last vce-col--md-first vce-col--lg-first vce-col--xl-first\" id=\"el-45a1063e\"><div class=\"vce-col-inner\" data-vce-do-apply=\"border margin background  el-45a1063e\"><div class=\"vce-col-content\" data-vce-element-content=\"true\" data-vce-do-apply=\"padding el-45a1063e\"><div class=\"vce-text-block\"><div class=\"vce-text-block-wrapper vce\" id=\"el-0aabe0a8\" data-vce-do-apply=\"all el-0aabe0a8\"><h3 style=\"text-align: right;\">LEKARZE SPECJALI\u015aCI<\/h3><\/div><\/div><div class=\"vce-text-block\"><div class=\"vce-text-block-wrapper vce\" id=\"el-88014fb8\" data-vce-do-apply=\"all el-88014fb8\"><h1 style=\"text-align: right;\"><span style=\"font-size: 36pt; color: #333333;\"><em><span style=\"font-family: Anton; letter-spacing: 1px;\">Poradnie Specjalistyczne<\/span><\/em><\/span><\/h1><\/div><\/div><div class=\"vce vce-separator-container vce-separator--align-right vce-separator--style-solid\" id=\"el-728f7e26\" data-vce-do-apply=\"margin el-728f7e26\"><div class=\"vce-separator vce-separator--color-ba-0-178-227-0-56 vce-separator--width-20 vce-separator--thickness-3\" data-vce-do-apply=\"border padding background  el-728f7e26\"><\/div><\/div><div class=\"vce-text-block\"><div class=\"vce-text-block-wrapper vce\" id=\"el-d1e2fb2b\" data-vce-do-apply=\"all el-d1e2fb2b\"><p style=\"text-align: center; line-height: 1.5;\"><span style=\"font-size: 14pt;\">W Centrum Zdrowia&nbsp;<strong>Jomadent<\/strong>&nbsp;\u015bwiadczymy us\u0142ugi medyczne w szerokim spektrum specjalizacji.<\/span><br><span style=\"font-size: 14pt;\">Na dzie\u0144 dzisiejszy maj\u0105 Pa\u0144stwo dost\u0119p do <strong>kilkunastu Poradni Specjalistycznych<\/strong>, w kt\u00f3rych przyjmuje kilkudziesi\u0119ciu,<br>wysoko wykwalifikowanych lekarzy specjalist\u00f3w.<\/span><\/p><\/div><\/div><\/div><\/div><\/div><\/div><\/div><\/div><div class=\"vce-row-container\" data-vce-boxed-width=\"true\"><div class=\"vce-row vce-row--col-gap-30 vce-row-equal-height vce-row-content--top\" id=\"el-9e9756cc\" data-vce-do-apply=\"all el-9e9756cc\"><div class=\"vce-content-background-container\"><\/div><div class=\"vce-row-content\" data-vce-element-content=\"true\"><div class=\"vce-col vce-col--md-auto vce-col--xs-1 vce-col--xs-last vce-col--xs-first vce-col--sm-last vce-col--sm-first vce-col--md-first vce-col--lg-first vce-col--xl-first\" id=\"el-3d8e52fd\"><div class=\"vce-col-inner\" data-vce-do-apply=\"border margin background  el-3d8e52fd\"><div class=\"vce-col-content\" data-vce-element-content=\"true\" data-vce-do-apply=\"padding el-3d8e52fd\"><div class=\"vce-text-block\"><div class=\"vce-text-block-wrapper vce\" id=\"el-d3ed4593\" data-vce-do-apply=\"all el-d3ed4593\"><ul><li><span style=\"color: #333333;\"><a style=\"color: #333333;\" href=\"https:\/\/klienci.inter-aktywni.pl\/jomadent-kopia\/poradnie\/chirurgia-ogolna\/\">Chirurgia og\u00f3lna<\/a><\/span><\/li><li><span style=\"color: #333333;\"><a style=\"color: #333333;\" href=\"https:\/\/klienci.inter-aktywni.pl\/jomadent-kopia\/poradnie\/dermatologia\/\">Dermatologia<\/a><\/span><\/li><li><span style=\"color: #333333;\"><a style=\"color: #333333;\" href=\"https:\/\/klienci.inter-aktywni.pl\/jomadent-kopia\/poradnie\/dermatologia-dziecieca\/\">Dermatologia dzieci\u0119ca<\/a><\/span><\/li><li><span style=\"color: #333333;\"><a style=\"color: #333333;\" href=\"https:\/\/klienci.inter-aktywni.pl\/jomadent-kopia\/poradnie\/diabetologia\/\">Diabetologia<\/a><\/span><\/li><li><span style=\"color: #333333;\"><a style=\"color: #333333;\" href=\"https:\/\/klienci.inter-aktywni.pl\/jomadent-kopia\/poradnie\/diabetologia-dziecieca\/\">Diabetologia dzieci\u0119ca<\/a><\/span><\/li><\/ul><\/div><\/div><\/div><\/div><\/div><div class=\"vce-col vce-col--md-auto vce-col--xs-1 vce-col--xs-last vce-col--xs-first vce-col--sm-last vce-col--sm-first\" id=\"el-9f4ff4dc\"><div class=\"vce-col-inner\" data-vce-do-apply=\"border margin background  el-9f4ff4dc\"><div class=\"vce-col-content\" data-vce-element-content=\"true\" data-vce-do-apply=\"padding el-9f4ff4dc\"><div class=\"vce-text-block\"><div class=\"vce-text-block-wrapper vce\" id=\"el-61d29251\" data-vce-do-apply=\"all el-61d29251\"><ul><li><span style=\"color: #333333;\"><a style=\"color: #333333;\" href=\"https:\/\/klienci.inter-aktywni.pl\/jomadent-kopia\/poradnie\/dietetyka\/\">Dietetyka<\/a><\/span><\/li><li><span style=\"color: #333333;\"><a style=\"color: #333333;\" href=\"https:\/\/klienci.inter-aktywni.pl\/jomadent-kopia\/poradnie\/endokrynologia\/\">Endokrynologia<\/a><\/span><\/li><li><span style=\"color: #333333;\"><a style=\"color: #333333;\" href=\"https:\/\/klienci.inter-aktywni.pl\/jomadent-kopia\/poradnie\/endokrynologia-dziecieca\/\">Endokrynologia dzieci\u0119ca<\/a><\/span><\/li><li><span style=\"color: #333333;\"><a style=\"color: #333333;\" href=\"https:\/\/klienci.inter-aktywni.pl\/jomadent-kopia\/poradnie\/gastroenterologia\/\">Gastroenterologia<\/a><\/span><\/li><li><span style=\"color: #333333;\"><a style=\"color: #333333;\" href=\"https:\/\/klienci.inter-aktywni.pl\/jomadent-kopia\/poradnie\/gastroenterologia-dziecieca\/\">Gastroenterologia dzieci\u0119ca<\/a><\/span><\/li><\/ul><\/div><\/div><\/div><\/div><\/div><div class=\"vce-col vce-col--md-auto vce-col--xs-1 vce-col--xs-last vce-col--xs-first vce-col--sm-last vce-col--sm-first\" id=\"el-018fadf5\"><div class=\"vce-col-inner\" data-vce-do-apply=\"border margin background  el-018fadf5\"><div class=\"vce-col-content\" data-vce-element-content=\"true\" data-vce-do-apply=\"padding el-018fadf5\"><div class=\"vce-text-block\"><div class=\"vce-text-block-wrapper vce\" id=\"el-387da311\" data-vce-do-apply=\"all el-387da311\"><ul><li><span style=\"color: #333333;\"><a style=\"color: #333333;\" href=\"https:\/\/klienci.inter-aktywni.pl\/jomadent-kopia\/poradnie\/ginekologia\/\">Ginekologia<\/a><\/span><\/li><li><span style=\"color: #333333;\"><a style=\"color: #333333;\" href=\"https:\/\/klienci.inter-aktywni.pl\/jomadent-kopia\/poradnie\/kardiologia-dziecieca\/\">Kardiologia dzieci\u0119ca<\/a><\/span><\/li><li><span style=\"color: #333333;\"><a style=\"color: #333333;\" href=\"https:\/\/klienci.inter-aktywni.pl\/jomadent-kopia\/poradnie\/laryngologia\/\">Laryngologia<\/a><\/span><\/li><li><span style=\"color: #333333;\"><a style=\"color: #333333;\" href=\"https:\/\/klienci.inter-aktywni.pl\/jomadent-kopia\/poradnie\/logopedia\/\">Logopedia<\/a><\/span><\/li><li><span style=\"color: #333333;\"><a style=\"color: #333333;\" href=\"https:\/\/klienci.inter-aktywni.pl\/jomadent-kopia\/poradnie\/neurochirurgia\/\">Neurochirurgia<\/a><\/span><\/li><\/ul><\/div><\/div><\/div><\/div><\/div><div class=\"vce-col vce-col--md-auto vce-col--xs-1 vce-col--xs-last vce-col--xs-first vce-col--sm-last vce-col--sm-first vce-col--md-last vce-col--lg-last vce-col--xl-last\" id=\"el-760a0fc5\"><div class=\"vce-col-inner\" data-vce-do-apply=\"border margin background  el-760a0fc5\"><div class=\"vce-col-content\" data-vce-element-content=\"true\" data-vce-do-apply=\"padding el-760a0fc5\"><div class=\"vce-text-block\"><div class=\"vce-text-block-wrapper vce\" id=\"el-5d54649b\" data-vce-do-apply=\"all el-5d54649b\"><ul><li><span style=\"color: #333333;\"><a style=\"color: #333333;\" href=\"https:\/\/klienci.inter-aktywni.pl\/jomadent-kopia\/poradnie\/neurologia\/\">Neurologia<\/a><\/span><\/li><li><span style=\"color: #333333;\"><a style=\"color: #333333;\" href=\"https:\/\/klienci.inter-aktywni.pl\/jomadent-kopia\/poradnie\/neurologia-dziecieca\/\">Neurologia dzieci\u0119ca<\/a><\/span><\/li><li><span style=\"color: #333333;\"><a style=\"color: #333333;\" href=\"https:\/\/klienci.inter-aktywni.pl\/jomadent-kopia\/poradnie\/onkologia\/\">Onkologia<\/a><\/span><\/li><li><span style=\"color: #333333;\"><a style=\"color: #333333;\" href=\"https:\/\/klienci.inter-aktywni.pl\/jomadent-kopia\/poradnie\/ortopedia\/\">Ortopedia<\/a><\/span><\/li><li><span style=\"color: #333333;\"><a style=\"color: #333333;\" href=\"https:\/\/klienci.inter-aktywni.pl\/jomadent-kopia\/poradnie\/urologia\/\">Urologia<\/a><\/span><\/li><\/ul><\/div><\/div><\/div><\/div><\/div><\/div><\/div><\/div><div class=\"vce-row-container\" data-vce-boxed-width=\"true\"><div class=\"vce-row vce-row--col-gap-30 vce-row-equal-height vce-row-content--top\" id=\"el-ca656bbc\" data-vce-do-apply=\"all el-ca656bbc\"><div class=\"vce-row-content\" data-vce-element-content=\"true\"><div class=\"vce-col vce-col--md-auto vce-col--xs-1 vce-col--xs-last vce-col--xs-first vce-col--sm-last vce-col--sm-first vce-col--md-last vce-col--lg-last vce-col--xl-last vce-col--md-first vce-col--lg-first vce-col--xl-first\" id=\"el-161f823e\"><div class=\"vce-col-inner\" data-vce-do-apply=\"border margin background  el-161f823e\"><div class=\"vce-col-content\" data-vce-element-content=\"true\" data-vce-do-apply=\"padding el-161f823e\"><div class=\"vce-shortcode\"><div class=\"vce-shortcode-wrapper vce\" id=\"el-c0a276f2\" data-vce-do-apply=\"all el-c0a276f2\">[spost_grid id=\"3\"]\t<\/div><\/div><\/div><\/div><\/div><\/div><\/div><\/div>\n","protected":false},"excerpt":{"rendered":"<p>LEKARZE SPECJALI\u015aCIPoradnie SpecjalistyczneW Centrum Zdrowia&nbsp;Jomadent&nbsp;\u015bwiadczymy us\u0142ugi medyczne w szerokim spektrum specjalizacji.Na dzie\u0144 dzisiejszy maj\u0105 Pa\u0144stwo dost\u0119p do kilkunastu Poradni Specjalistycznych, w kt\u00f3rych przyjmuje kilkudziesi\u0119ciu,wysoko wykwalifikowanych lekarzy specjalist\u00f3w.Chirurgia og\u00f3lnaDermatologiaDermatologia dzieci\u0119caDiabetologiaDiabetologia dzieci\u0119caDietetykaEndokrynologiaEndokrynologia dzieci\u0119caGastroenterologiaGastroenterologia dzieci\u0119caGinekologiaKardiologia dzieci\u0119caLaryngologiaLogopediaNeurochirurgiaNeurologiaNeurologia dzieci\u0119caOnkologiaOrtopediaUrologia[spost_grid id=&#8221;3&#8243;]<\/p>\n","protected":false},"author":1,"featured_media":0,"parent":0,"menu_order":0,"comment_status":"closed","ping_status":"closed","template":"","meta":{"_acf_changed":false,"_monsterinsights_skip_tracking":false,"_monsterinsights_sitenote_active":false,"_monsterinsights_sitenote_note":"","_monsterinsights_sitenote_category":0,"site-sidebar-layout":"default","site-content-layout":"default","ast-site-content-layout":"default","site-content-style":"default","site-sidebar-style":"default","ast-global-header-display":"","ast-banner-title-visibility":"","ast-main-header-display":"","ast-hfb-above-header-display":"","ast-hfb-below-header-display":"","ast-hfb-mobile-header-display":"","site-post-title":"","ast-breadcrumbs-content":"","ast-featured-img":"","footer-sml-layout":"","ast-disable-related-posts":"","theme-transparent-header-meta":"default","adv-header-id-meta":"","stick-header-meta":"","header-above-stick-meta":"","header-main-stick-meta":"","header-below-stick-meta":"","astra-migrate-meta-layouts":"default","ast-page-background-enabled":"default","ast-page-background-meta":{"desktop":{"background-color":"var(--ast-global-color-4)","background-image":"","background-repeat":"repeat","background-position":"center center","background-size":"auto","background-attachment":"scroll","background-type":"","background-media":"","overlay-type":"","overlay-color":"","overlay-opacity":"","overlay-gradient":""},"tablet":{"background-color":"","background-image":"","background-repeat":"repeat","background-position":"center center","background-size":"auto","background-attachment":"scroll","background-type":"","background-media":"","overlay-type":"","overlay-color":"","overlay-opacity":"","overlay-gradient":""},"mobile":{"background-color":"","background-image":"","background-repeat":"repeat","background-position":"center center","background-size":"auto","background-attachment":"scroll","background-type":"","background-media":"","overlay-type":"","overlay-color":"","overlay-opacity":"","overlay-gradient":""}},"ast-content-background-meta":{"desktop":{"background-color":"var(--ast-global-color-5)","background-image":"","background-repeat":"repeat","background-position":"center center","background-size":"auto","background-attachment":"scroll","background-type":"","background-media":"","overlay-type":"","overlay-color":"","overlay-opacity":"","overlay-gradient":""},"tablet":{"background-color":"var(--ast-global-color-5)","background-image":"","background-repeat":"repeat","background-position":"center center","background-size":"auto","background-attachment":"scroll","background-type":"","background-media":"","overlay-type":"","overlay-color":"","overlay-opacity":"","overlay-gradient":""},"mobile":{"background-color":"var(--ast-global-color-5)","background-image":"","background-repeat":"repeat","background-position":"center center","background-size":"auto","background-attachment":"scroll","background-type":"","background-media":"","overlay-type":"","overlay-color":"","overlay-opacity":"","overlay-gradient":""}},"footnotes":""},"class_list":["post-281","page","type-page","status-publish","hentry"],"acf":[],"rttpg_featured_image_url":null,"rttpg_author":{"display_name":"admin","author_link":"https:\/\/klienci.inter-aktywni.pl\/jomadent-kopia\/author\/admin\/"},"rttpg_comment":0,"rttpg_category":null,"rttpg_excerpt":"LEKARZE SPECJALI\u015aCIPoradnie SpecjalistyczneW Centrum Zdrowia&nbsp;Jomadent&nbsp;\u015bwiadczymy us\u0142ugi medyczne w szerokim spektrum specjalizacji.Na dzie\u0144 dzisiejszy maj\u0105 Pa\u0144stwo dost\u0119p do kilkunastu Poradni Specjalistycznych, w kt\u00f3rych przyjmuje kilkudziesi\u0119ciu,wysoko wykwalifikowanych lekarzy specjalist\u00f3w.Chirurgia og\u00f3lnaDermatologiaDermatologia dzieci\u0119caDiabetologiaDiabetologia dzieci\u0119caDietetykaEndokrynologiaEndokrynologia dzieci\u0119caGastroenterologiaGastroenterologia dzieci\u0119caGinekologiaKardiologia dzieci\u0119caLaryngologiaLogopediaNeurochirurgiaNeurologiaNeurologia dzieci\u0119caOnkologiaOrtopediaUrologia[spost_grid id=\"3\"]","_links":{"self":[{"href":"https:\/\/klienci.inter-aktywni.pl\/jomadent-kopia\/wp-json\/wp\/v2\/pages\/281","targetHints":{"allow":["GET"]}}],"collection":[{"href":"https:\/\/klienci.inter-aktywni.pl\/jomadent-kopia\/wp-json\/wp\/v2\/pages"}],"about":[{"href":"https:\/\/klienci.inter-aktywni.pl\/jomadent-kopia\/wp-json\/wp\/v2\/types\/page"}],"author":[{"embeddable":true,"href":"https:\/\/klienci.inter-aktywni.pl\/jomadent-kopia\/wp-json\/wp\/v2\/users\/1"}],"replies":[{"embeddable":true,"href":"https:\/\/klienci.inter-aktywni.pl\/jomadent-kopia\/wp-json\/wp\/v2\/comments?post=281"}],"version-history":[{"count":0,"href":"https:\/\/klienci.inter-aktywni.pl\/jomadent-kopia\/wp-json\/wp\/v2\/pages\/281\/revisions"}],"wp:attachment":[{"href":"https:\/\/klienci.inter-aktywni.pl\/jomadent-kopia\/wp-json\/wp\/v2\/media?parent=281"}],"curies":[{"name":"wp","href":"https:\/\/api.w.org\/{rel}","templated":true}]}}