{"id":1079,"date":"2022-05-11T07:33:05","date_gmt":"2022-05-11T07:33:05","guid":{"rendered":"https:\/\/klienci.inter-aktywni.pl\/jomadent-kopia\/?page_id=1079"},"modified":"2022-05-11T07:44:01","modified_gmt":"2022-05-11T07:44:01","slug":"gwarancja-na-uslugi","status":"publish","type":"page","link":"https:\/\/klienci.inter-aktywni.pl\/jomadent-kopia\/dla-pacjenta\/gwarancja-na-uslugi\/","title":{"rendered":"Gwarancja na us\u0142ugi"},"content":{"rendered":"<div class=\"vce-row-container\"><div class=\"vce-row vce-row--col-gap-30 vce-row-no-paddings vce-row-equal-height vce-row-content--top\" data-vce-full-width=\"true\" data-vce-stretch-content=\"true\" id=\"el-39171ea0\" data-vce-do-apply=\"all el-39171ea0\"><div class=\"vce-content-background-container\"><\/div><div class=\"vce-row-content\" data-vce-element-content=\"true\"><div class=\"vce-col vce-col--md-auto vce-col--xs-1 vce-col--xs-last vce-col--xs-first vce-col--sm-last vce-col--sm-first vce-col--md-last vce-col--lg-last vce-col--xl-last vce-col--md-first vce-col--lg-first vce-col--xl-first\" id=\"el-7079f64e\"><div class=\"vce-col-inner\" data-vce-do-apply=\"border margin background  el-7079f64e\"><div class=\"vce-col-content\" data-vce-element-content=\"true\" data-vce-do-apply=\"padding el-7079f64e\"><div class=\"vce-single-image-container vce-single-image--align-center\"><div class=\"vce vce-single-image-wrapper\" id=\"el-e5c54a6e\" data-vce-do-apply=\"all el-e5c54a6e\"><figure><div class=\"vce-single-image-figure-inner\" style=\"width: 1920px;\"><div class=\"vce-single-image-inner vce-single-image--absolute\" style=\"width: 100%; padding-bottom: 31.25%;\"><img decoding=\"async\" class=\"vce-single-image\" src=\"https:\/\/klienci.inter-aktywni.pl\/jomadent-kopia\/wp-content\/uploads\/2022\/03\/banner_header.jpg\" data-img-src=\"https:\/\/klienci.inter-aktywni.pl\/jomadent-kopia\/wp-content\/uploads\/2022\/03\/banner_header.jpg\" alt=\"\" title=\"banner_header\"><\/div><\/div><figcaption hidden=\"\"><\/figcaption><\/figure><\/div><\/div><\/div><\/div><\/div><\/div><\/div><\/div><div class=\"vce-row-container\" data-vce-boxed-width=\"true\"><div class=\"vce-row vce-row--col-gap-30 vce-row-equal-height vce-row-content--top\" id=\"el-da8577ac\" data-vce-do-apply=\"all el-da8577ac\"><div class=\"vce-content-background-container\"><\/div><div class=\"vce-row-content\" data-vce-element-content=\"true\"><div class=\"vce-col vce-col--md-auto vce-col--xs-1 vce-col--xs-last vce-col--xs-first vce-col--sm-last vce-col--sm-first vce-col--md-last vce-col--lg-last vce-col--xl-last vce-col--md-first vce-col--lg-first vce-col--xl-first\" id=\"el-19f4f2e7\"><div class=\"vce-col-inner\" data-vce-do-apply=\"border margin background  el-19f4f2e7\"><div class=\"vce-col-content\" data-vce-element-content=\"true\" data-vce-do-apply=\"padding el-19f4f2e7\"><div class=\"vce-text-block\"><div class=\"vce-text-block-wrapper vce\" id=\"el-2b810598\" data-vce-do-apply=\"all el-2b810598\"><h3 style=\"text-align: right;\">DLA PACJENTA<\/h3><\/div><\/div><div class=\"vce-text-block\"><div class=\"vce-text-block-wrapper vce\" id=\"el-f7f16d27\" data-vce-do-apply=\"all el-f7f16d27\"><h1 style=\"text-align: right;\"><span style=\"font-size: 36pt; color: #333333;\"><em><span style=\"font-family: Anton; letter-spacing: 1px;\">Gwarancja na us\u0142ugi<\/span><\/em><\/span><\/h1><\/div><\/div><div class=\"vce vce-separator-container vce-separator--align-right vce-separator--style-solid\" id=\"el-9041efb3\" data-vce-do-apply=\"margin el-9041efb3\"><div class=\"vce-separator vce-separator--color-ba-0-178-227-0-56 vce-separator--width-20 vce-separator--thickness-3\" data-vce-do-apply=\"border padding background  el-9041efb3\"><\/div><\/div><\/div><\/div><\/div><\/div><\/div><\/div><div class=\"vce-row-container\" data-vce-boxed-width=\"true\"><div class=\"vce-row vce-row--col-gap-30 vce-row-equal-height vce-row-content--top\" id=\"el-5b8d47c6\" data-vce-do-apply=\"all el-5b8d47c6\"><div class=\"vce-row-content\" data-vce-element-content=\"true\"><div class=\"vce-col vce-col--md-33p vce-col--xs-1 vce-col--xs-last vce-col--xs-first vce-col--sm-last vce-col--sm-first vce-col--md-first vce-col--lg-first vce-col--xl-first\" id=\"el-0b24f44a\"><div class=\"vce-col-inner\" data-vce-do-apply=\"border margin background  el-0b24f44a\"><div class=\"vce-col-content\" data-vce-element-content=\"true\" data-vce-do-apply=\"padding el-0b24f44a\"><div class=\"vce-single-image-container vce-single-image--align-center\"><div class=\"vce vce-single-image-wrapper\" id=\"el-3012977a\" data-vce-do-apply=\"all el-3012977a\"><figure><div class=\"vce-single-image-figure-inner\" style=\"width: 1200px;\"><div class=\"vce-single-image-inner vce-single-image--absolute\" style=\"width: 100%; padding-bottom: 56.25%;\"><img decoding=\"async\" class=\"vce-single-image\" src=\"https:\/\/klienci.inter-aktywni.pl\/jomadent-kopia\/wp-content\/uploads\/2022\/05\/gwarancja_medyczna.jpg\" data-img-src=\"https:\/\/klienci.inter-aktywni.pl\/jomadent-kopia\/wp-content\/uploads\/2022\/05\/gwarancja_medyczna.jpg\" alt=\"\" title=\"gwarancja_medyczna\"><\/div><\/div><figcaption hidden=\"\"><\/figcaption><\/figure><\/div><\/div><\/div><\/div><\/div><div class=\"vce-col vce-col--md-67p vce-col--xs-1 vce-col--xs-last vce-col--xs-first vce-col--sm-last vce-col--sm-first vce-col--md-last vce-col--lg-last vce-col--xl-last\" id=\"el-4cd28a0d\"><div class=\"vce-col-inner\" data-vce-do-apply=\"border margin background  el-4cd28a0d\"><div class=\"vce-col-content\" data-vce-element-content=\"true\" data-vce-do-apply=\"padding el-4cd28a0d\"><div class=\"vce-text-block\"><div class=\"vce-text-block-wrapper vce\" id=\"el-38884cf8\" data-vce-do-apply=\"all el-38884cf8\"><p style=\"line-height: 1.5;\"><span style=\"font-size: 14pt;\"><strong>ZASADY UDZIELANIA GWARANCJI NA US\u0141UGI STOMATOLOGICZNE W CENTRUM ZDROWIA JOMADENT<\/strong><\/span><\/p>\n<p style=\"line-height: 1.5;\"><span style=\"font-size: 10pt;\"><em>(\u017ar\u00f3d\u0142o: Karta Praw i Obowi\u0105zk\u00f3w Pacjenta Centrum Zdrowia Jomadent Joanna Krukowska sp. z o.o; pe\u0142na wersja dokumentu dost\u0119pna w Rejestracji)<\/em><\/span><\/p>\n<hr>\n<p style=\"line-height: 1.5;\"><span style=\"font-size: 14pt;\">Na \u015bwiadczone w C.Z. JOMADENT us\u0142ugi stomatologiczne mo\u017ce zosta\u0107 udzielona gwarancja:<\/span><\/p>\n<ul style=\"line-height: 1.5;\">\n<li><span style=\"font-size: 14pt;\">24 miesi\u0119czna na wype\u0142nienia (plomby),<\/span><\/li>\n<li><span style=\"font-size: 14pt;\">24 miesi\u0119czna na leczenie protetyczne i implantoprotetyczne,<\/span><\/li>\n<li><span style=\"font-size: 14pt;\">24 miesi\u0119czna na leczenie endodontyczne (kana\u0142owe) \u2013 o udzieleniu gwarancji decyduje lekarz wykonuj\u0105cy zabieg,<\/span><\/li>\n<li><span style=\"font-size: 14pt;\">5 letnia na korony PROCERA,<\/span><\/li>\n<\/ul>\n<p style=\"line-height: 1.5;\"><span style=\"font-size: 14pt;\"><strong>DO\u017bYWOTNIA<\/strong>&nbsp;gwarancja na komponenty techniczne implant\u00f3w Firmy Nobel Biocare.<\/span><\/p>\n<p style=\"line-height: 1.5;\"><span style=\"font-size: 14pt;\"><strong>Warunkiem udzielenia gwarancji<\/strong>&nbsp;<strong>jest<\/strong>&nbsp;przyj\u0119cie i wykonanie ca\u0142ego zaleconego, kompleksowego planu leczenia oraz wizyty kontrolne (p\u0142atne) co p\u00f3\u0142 roku lub co kwarta\u0142 w leczeniu protetycznym, podczas kt\u00f3rych wykonywane b\u0119d\u0105: skaling, piaskowanie, fluoryzacja oraz przegl\u0105d stomatologiczny.<\/span><\/p><\/div><\/div><\/div><\/div><\/div><\/div><\/div><\/div><div class=\"vce-row-container\" data-vce-boxed-width=\"true\"><div class=\"vce-row vce-row--col-gap-30 vce-row-equal-height vce-row-content--top\" id=\"el-9652fea8\" data-vce-do-apply=\"all el-9652fea8\"><div class=\"vce-row-content\" data-vce-element-content=\"true\"><div class=\"vce-col vce-col--md-auto vce-col--xs-1 vce-col--xs-last vce-col--xs-first vce-col--sm-last vce-col--sm-first vce-col--md-last vce-col--lg-last vce-col--xl-last vce-col--md-first vce-col--lg-first vce-col--xl-first\" id=\"el-59ac4eb7\"><div class=\"vce-col-inner\" data-vce-do-apply=\"border margin background  el-59ac4eb7\"><div class=\"vce-col-content\" data-vce-element-content=\"true\" data-vce-do-apply=\"padding el-59ac4eb7\"><div class=\"vce-text-block\"><div class=\"vce-text-block-wrapper vce\" id=\"el-361a1f0e\" data-vce-do-apply=\"all el-361a1f0e\"><div id=\"kontent_1\">\n<div id=\"kontener_2\">\n<div id=\"contenersmall_prawo\">\n<div class=\"item-page\">\n<div>\n<p style=\"line-height: 1.5;\"><span style=\"font-size: 14pt;\"><strong>Gwarancj\u0105 nie s\u0105 obj\u0119te<\/strong>:<\/span><\/p>\n<ul style=\"line-height: 1.5;\">\n<li><span style=\"font-size: 14pt;\">prace protetyczne tymczasowe (za\u0142o\u017cone czasowo do wykonania w\u0142a\u015bciwej pracy protetycznej),<\/span><\/li>\n<li><span style=\"font-size: 14pt;\">prace wykonane na wyra\u017ane \u017cyczenie Pacjenta, przy wykonaniu kt\u00f3rych Pacjent zosta\u0142 poinformowany o ograniczeniu lub braku gwarancji,<\/span><\/li>\n<li><span style=\"font-size: 14pt;\">powt\u00f3rne leczenie endodontyczne (kana\u0142owe) lub rozpocz\u0119te wcze\u015bniej w innym gabinecie,<\/span><\/li>\n<li><span style=\"font-size: 14pt;\">leczenie z\u0119b\u00f3w mlecznych,<\/span><\/li>\n<li><span style=\"font-size: 14pt;\">z\u0142amania koron z\u0119b\u00f3w pomi\u0119dzy wizytami trwaj\u0105cego leczenia endodontycznego,<\/span><\/li>\n<li><span style=\"font-size: 14pt;\">stany zapalne z\u0119bodo\u0142u po ekstrakcji z\u0119ba,<\/span><\/li>\n<li><span style=\"font-size: 14pt;\">leczenie ortodontyczne,<\/span><\/li>\n<li><span style=\"font-size: 14pt;\">leczenie chirurgiczne.<\/span><\/li>\n<\/ul>\n<p style=\"line-height: 1.5;\"><span style=\"font-size: 14pt;\"><strong>Gwarancja nie obejmuje<\/strong>&nbsp;przypadku, kiedy po wype\u0142nieniu z\u0119ba, w okresie gwarancji wyst\u0105pi konieczno\u015b\u0107 przeprowadzenia leczenia endodontycznego. W takim przypadku wype\u0142nienie wykonywane jest w ramach gwarancji pod warunkiem, \u017ce jego zakres nie zwi\u0119kszy\u0142 si\u0119 znacz\u0105co. Pacjent ponosi pe\u0142ny koszt leczenia endodontycznego.<\/span><\/p>\n<p style=\"line-height: 1.5;\"><span style=\"font-size: 14pt;\"><strong>Gwarancja przestaje obowi\u0105zywa\u0107<\/strong>&nbsp;w nast\u0119puj\u0105cych przypadkach:<\/span><\/p>\n<ul style=\"line-height: 1.5;\">\n<li><span style=\"font-size: 14pt;\">niedostatecznej higieny jamy ustnej,<\/span><\/li>\n<li><span style=\"font-size: 14pt;\">nieprzestrzegania zalecanych wizyt kontrolnych,<\/span><\/li>\n<li><span style=\"font-size: 14pt;\">niestosowania si\u0119 do zalece\u0144 lekarza, np. brak stosowania szyn relaksacyjnych przy bruksi\u017amie,<\/span><\/li>\n<li><span style=\"font-size: 14pt;\">z\u0142ama\u0144 koron z\u0119b\u00f3w po leczeniu kana\u0142owym nieodbudowanych protetycznie,<\/span><\/li>\n<li><span style=\"font-size: 14pt;\">stosowania prac protetycznych niezgodnie z przeznaczeniem,<\/span><\/li>\n<li><span style=\"font-size: 14pt;\">ingerencji mechanicznej w prac\u0119 protetyczn\u0105 przez innego lekarza, technika lub samego Pacjenta,<\/span><\/li>\n<li><span style=\"font-size: 14pt;\">uzupe\u0142nienia tylko cz\u0119\u015bci brak\u00f3w z\u0119bowych powoduj\u0105c przeci\u0105\u017cenie strefy uzupe\u0142nionej protetycznie,<\/span><\/li>\n<li><span style=\"font-size: 14pt;\">nieszcz\u0119\u015bliwych wypadk\u00f3w,<\/span><\/li>\n<li><span style=\"font-size: 14pt;\">naturalnego zaniku ko\u015bci i zmian w przyz\u0119biu<\/span><\/li>\n<li><span style=\"font-size: 14pt;\">wsp\u00f3\u0142istniej\u0105cych chor\u00f3b og\u00f3lnych wp\u0142ywaj\u0105cych na stan narz\u0105du \u017cucia (cukrzyca, padaczka, osteoporoza, stan po napromieniowaniu i terapii cytostatykami),<\/span><\/li>\n<li><span style=\"font-size: 14pt;\">niezg\u0142oszenia si\u0119 Pacjenta na odbi\u00f3r pracy protetycznej do 2 tygodni od momentu uko\u0144czenia pracy przez laboratorium protetyczne (ze wzgl\u0119du na mo\u017cliwo\u015b\u0107 przemieszczenia i rotacji z\u0119b\u00f3w).<\/span><\/li>\n<\/ul>\n<p style=\"line-height: 1.5;\"><span style=\"font-size: 14pt;\"><strong>Szczeg\u00f3\u0142owe informacje na temat gwarancji dodatkowo przedstawia lekarz podczas realizacji planu leczenia.<\/strong><\/span><\/p>\n<\/div>\n<\/div>\n<\/div>\n<div class=\"clear\" style=\"line-height: 1.5;\">&nbsp;<\/div>\n<\/div>\n<\/div>\n<div id=\"footer\" style=\"line-height: 1.5;\">&nbsp;<\/div>\n<div id=\"dofinansowanie\">\n<div class=\"center\">\n<div class=\"moduletable span12\">\n<div style=\"line-height: 1.5;\">&nbsp;<\/div>\n<\/div>\n<\/div>\n<\/div><\/div><\/div><\/div><\/div><\/div><\/div><\/div><\/div><div class=\"vce-row-container\" data-vce-boxed-width=\"true\"><div class=\"vce-row vce-row--col-gap-30 vce-row-equal-height vce-row-content--middle\" id=\"el-cbbd80d4\" data-vce-do-apply=\"all el-cbbd80d4\"><div class=\"vce-content-background-container\"><\/div><div class=\"vce-row-content\" data-vce-element-content=\"true\"><div class=\"vce-col vce-col--md-38p vce-col--xs-1 vce-col--xs-last vce-col--xs-first vce-col--sm-last vce-col--sm-first vce-col--md-first vce-col--lg-first vce-col--xl-first\" id=\"el-d318f3ac\"><div class=\"vce-col-inner\" data-vce-do-apply=\"border margin background  el-d318f3ac\"><div class=\"vce-col-content\" data-vce-element-content=\"true\" data-vce-do-apply=\"padding el-d318f3ac\"><div class=\"vce-single-image-container vce-single-image--align-center\"><div class=\"vce vce-single-image-wrapper\" id=\"el-7997c94f\" data-vce-do-apply=\"all el-7997c94f\"><figure><div class=\"vce-single-image-figure-inner\" style=\"width: 3402px;\"><div class=\"vce-single-image-inner vce-single-image--absolute\" style=\"width: 100%; padding-bottom: 29.1593%;\"><img decoding=\"async\" class=\"vce-single-image\" src=\"https:\/\/klienci.inter-aktywni.pl\/jomadent-kopia\/wp-content\/uploads\/2022\/02\/logo_jomadent.png\" data-img-src=\"https:\/\/klienci.inter-aktywni.pl\/jomadent-kopia\/wp-content\/uploads\/2022\/02\/logo_jomadent.png\" alt=\"\" title=\"logo_jomadent\"><\/div><\/div><figcaption hidden=\"\"><\/figcaption><\/figure><\/div><\/div><\/div><\/div><\/div><div class=\"vce-col vce-col--md-62p vce-col--xs-1 vce-col--xs-last vce-col--xs-first vce-col--sm-last vce-col--sm-first vce-col--md-last vce-col--lg-last vce-col--xl-last\" id=\"el-649beea1\"><div class=\"vce-col-inner\" data-vce-do-apply=\"border margin background  el-649beea1\"><div class=\"vce-col-content\" data-vce-element-content=\"true\" data-vce-do-apply=\"padding el-649beea1\"><div class=\"vce-text-block\"><div class=\"vce-text-block-wrapper vce\" id=\"el-30f697ea\" data-vce-do-apply=\"all el-30f697ea\"><p style=\"line-height: 1.5;\"><span style=\"font-size: 16pt;\"><strong>Centrum Zdrowia Jomadent Joanna Krukowska Sp. z o. o.<\/strong><\/span><\/p>\n<p style=\"line-height: 1.5;\"><span style=\"font-size: 14pt;\">ul. 3 Maja 40, 41-300 D\u0105browa G\u00f3rnicza<\/span><\/p>\n<p style=\"line-height: 1.5;\"><span style=\"font-size: 14pt;\">NIP: <strong>6292465009<\/strong><\/span><br><span style=\"font-size: 14pt;\">REGON: <strong>242987332<\/strong><\/span><br><span style=\"font-size: 14pt;\">KRS: <strong>0000426418<\/strong><\/span><\/p>\n<p style=\"line-height: 1.5;\"><span style=\"font-size: 14pt;\">Numer konta bankowego:<\/span><br><strong><span style=\"font-size: 14pt;\">64105012721000000800417438<\/span><\/strong><\/p><\/div><\/div><\/div><\/div><\/div><\/div><\/div><\/div>\n","protected":false},"excerpt":{"rendered":"<p>DLA PACJENTAGwarancja na us\u0142ugiZASADY UDZIELANIA GWARANCJI NA US\u0141UGI STOMATOLOGICZNE W CENTRUM ZDROWIA JOMADENT (\u017ar\u00f3d\u0142o: Karta Praw i Obowi\u0105zk\u00f3w Pacjenta Centrum Zdrowia Jomadent Joanna Krukowska sp. z o.o; pe\u0142na wersja dokumentu dost\u0119pna w Rejestracji) Na \u015bwiadczone w C.Z. JOMADENT us\u0142ugi stomatologiczne mo\u017ce zosta\u0107 udzielona gwarancja: 24 miesi\u0119czna na wype\u0142nienia (plomby), 24 miesi\u0119czna na leczenie protetyczne i [&hellip;]<\/p>\n","protected":false},"author":1,"featured_media":0,"parent":1077,"menu_order":0,"comment_status":"closed","ping_status":"closed","template":"","meta":{"_acf_changed":false,"_monsterinsights_skip_tracking":false,"_monsterinsights_sitenote_active":false,"_monsterinsights_sitenote_note":"","_monsterinsights_sitenote_category":0,"site-sidebar-layout":"default","site-content-layout":"default","ast-site-content-layout":"default","site-content-style":"default","site-sidebar-style":"default","ast-global-header-display":"","ast-banner-title-visibility":"","ast-main-header-display":"","ast-hfb-above-header-display":"","ast-hfb-below-header-display":"","ast-hfb-mobile-header-display":"","site-post-title":"","ast-breadcrumbs-content":"","ast-featured-img":"","footer-sml-layout":"","ast-disable-related-posts":"","theme-transparent-header-meta":"default","adv-header-id-meta":"","stick-header-meta":"","header-above-stick-meta":"","header-main-stick-meta":"","header-below-stick-meta":"","astra-migrate-meta-layouts":"default","ast-page-background-enabled":"default","ast-page-background-meta":{"desktop":{"background-color":"var(--ast-global-color-4)","background-image":"","background-repeat":"repeat","background-position":"center center","background-size":"auto","background-attachment":"scroll","background-type":"","background-media":"","overlay-type":"","overlay-color":"","overlay-opacity":"","overlay-gradient":""},"tablet":{"background-color":"","background-image":"","background-repeat":"repeat","background-position":"center center","background-size":"auto","background-attachment":"scroll","background-type":"","background-media":"","overlay-type":"","overlay-color":"","overlay-opacity":"","overlay-gradient":""},"mobile":{"background-color":"","background-image":"","background-repeat":"repeat","background-position":"center center","background-size":"auto","background-attachment":"scroll","background-type":"","background-media":"","overlay-type":"","overlay-color":"","overlay-opacity":"","overlay-gradient":""}},"ast-content-background-meta":{"desktop":{"background-color":"var(--ast-global-color-5)","background-image":"","background-repeat":"repeat","background-position":"center center","background-size":"auto","background-attachment":"scroll","background-type":"","background-media":"","overlay-type":"","overlay-color":"","overlay-opacity":"","overlay-gradient":""},"tablet":{"background-color":"var(--ast-global-color-5)","background-image":"","background-repeat":"repeat","background-position":"center center","background-size":"auto","background-attachment":"scroll","background-type":"","background-media":"","overlay-type":"","overlay-color":"","overlay-opacity":"","overlay-gradient":""},"mobile":{"background-color":"var(--ast-global-color-5)","background-image":"","background-repeat":"repeat","background-position":"center center","background-size":"auto","background-attachment":"scroll","background-type":"","background-media":"","overlay-type":"","overlay-color":"","overlay-opacity":"","overlay-gradient":""}},"footnotes":""},"class_list":["post-1079","page","type-page","status-publish","hentry"],"acf":[],"rttpg_featured_image_url":null,"rttpg_author":{"display_name":"admin","author_link":"https:\/\/klienci.inter-aktywni.pl\/jomadent-kopia\/author\/admin\/"},"rttpg_comment":0,"rttpg_category":null,"rttpg_excerpt":"DLA PACJENTAGwarancja na us\u0142ugiZASADY UDZIELANIA GWARANCJI NA US\u0141UGI STOMATOLOGICZNE W CENTRUM ZDROWIA JOMADENT (\u017ar\u00f3d\u0142o: Karta Praw i Obowi\u0105zk\u00f3w Pacjenta Centrum Zdrowia Jomadent Joanna Krukowska sp. z o.o; pe\u0142na wersja dokumentu dost\u0119pna w Rejestracji) Na \u015bwiadczone w C.Z. JOMADENT us\u0142ugi stomatologiczne mo\u017ce zosta\u0107 udzielona gwarancja: 24 miesi\u0119czna na wype\u0142nienia (plomby), 24 miesi\u0119czna na leczenie protetyczne i&hellip;","_links":{"self":[{"href":"https:\/\/klienci.inter-aktywni.pl\/jomadent-kopia\/wp-json\/wp\/v2\/pages\/1079","targetHints":{"allow":["GET"]}}],"collection":[{"href":"https:\/\/klienci.inter-aktywni.pl\/jomadent-kopia\/wp-json\/wp\/v2\/pages"}],"about":[{"href":"https:\/\/klienci.inter-aktywni.pl\/jomadent-kopia\/wp-json\/wp\/v2\/types\/page"}],"author":[{"embeddable":true,"href":"https:\/\/klienci.inter-aktywni.pl\/jomadent-kopia\/wp-json\/wp\/v2\/users\/1"}],"replies":[{"embeddable":true,"href":"https:\/\/klienci.inter-aktywni.pl\/jomadent-kopia\/wp-json\/wp\/v2\/comments?post=1079"}],"version-history":[{"count":0,"href":"https:\/\/klienci.inter-aktywni.pl\/jomadent-kopia\/wp-json\/wp\/v2\/pages\/1079\/revisions"}],"up":[{"embeddable":true,"href":"https:\/\/klienci.inter-aktywni.pl\/jomadent-kopia\/wp-json\/wp\/v2\/pages\/1077"}],"wp:attachment":[{"href":"https:\/\/klienci.inter-aktywni.pl\/jomadent-kopia\/wp-json\/wp\/v2\/media?parent=1079"}],"curies":[{"name":"wp","href":"https:\/\/api.w.org\/{rel}","templated":true}]}}