{"id":1077,"date":"2022-05-11T07:32:43","date_gmt":"2022-05-11T07:32:43","guid":{"rendered":"https:\/\/klienci.inter-aktywni.pl\/jomadent-kopia\/?page_id=1077"},"modified":"2023-08-02T08:09:29","modified_gmt":"2023-08-02T08:09:29","slug":"dla-pacjenta","status":"publish","type":"page","link":"https:\/\/klienci.inter-aktywni.pl\/jomadent-kopia\/dla-pacjenta\/","title":{"rendered":"Dla Pacjenta"},"content":{"rendered":"<div class=\"vce-row-container\"><div class=\"vce-row vce-row--col-gap-30 vce-row-no-paddings vce-row-equal-height vce-row-content--top\" data-vce-full-width=\"true\" data-vce-stretch-content=\"true\" id=\"el-39171ea0\" data-vce-do-apply=\"all el-39171ea0\"><div class=\"vce-content-background-container\"><\/div><div class=\"vce-row-content\" data-vce-element-content=\"true\"><div class=\"vce-col vce-col--md-auto vce-col--xs-1 vce-col--xs-last vce-col--xs-first vce-col--sm-last vce-col--sm-first vce-col--md-last vce-col--lg-last vce-col--xl-last vce-col--md-first vce-col--lg-first vce-col--xl-first\" id=\"el-7079f64e\"><div class=\"vce-col-inner\" data-vce-do-apply=\"border margin background  el-7079f64e\"><div class=\"vce-col-content\" data-vce-element-content=\"true\" data-vce-do-apply=\"padding el-7079f64e\"><div class=\"vce-single-image-container vce-single-image--align-center\"><div class=\"vce vce-single-image-wrapper\" id=\"el-e5c54a6e\" data-vce-do-apply=\"all el-e5c54a6e\"><figure><div class=\"vce-single-image-figure-inner\" style=\"width: 1920px;\"><div class=\"vce-single-image-inner vce-single-image--absolute\" style=\"width: 100%; padding-bottom: 31.25%;\"><img decoding=\"async\" class=\"vce-single-image\" src=\"https:\/\/klienci.inter-aktywni.pl\/jomadent-kopia\/wp-content\/uploads\/2022\/03\/banner_header.jpg\" data-img-src=\"https:\/\/klienci.inter-aktywni.pl\/jomadent-kopia\/wp-content\/uploads\/2022\/03\/banner_header.jpg\" data-attachment-id=\"303\" alt=\"\" title=\"banner_header\"><\/div><\/div><figcaption hidden=\"\"><\/figcaption><\/figure><\/div><\/div><\/div><\/div><\/div><\/div><\/div><\/div><div class=\"vce-row-container\" data-vce-boxed-width=\"true\"><div class=\"vce-row vce-row--col-gap-30 vce-row-equal-height vce-row-content--top\" id=\"el-da8577ac\" data-vce-do-apply=\"all el-da8577ac\"><div class=\"vce-content-background-container\"><\/div><div class=\"vce-row-content\" data-vce-element-content=\"true\"><div class=\"vce-col vce-col--md-auto vce-col--xs-1 vce-col--xs-last vce-col--xs-first vce-col--sm-last vce-col--sm-first vce-col--md-last vce-col--lg-last vce-col--xl-last vce-col--md-first vce-col--lg-first vce-col--xl-first\" id=\"el-19f4f2e7\"><div class=\"vce-col-inner\" data-vce-do-apply=\"border margin background  el-19f4f2e7\"><div class=\"vce-col-content\" data-vce-element-content=\"true\" data-vce-do-apply=\"padding el-19f4f2e7\"><div class=\"vce-text-block\"><div class=\"vce-text-block-wrapper vce\" id=\"el-2b810598\" data-vce-do-apply=\"all el-2b810598\"><h3 style=\"text-align: right;\">DLA PACJENTA<\/h3><\/div><\/div><div class=\"vce-text-block\"><div class=\"vce-text-block-wrapper vce\" id=\"el-f7f16d27\" data-vce-do-apply=\"all el-f7f16d27\"><h1 style=\"text-align: right;\"><span style=\"font-size: 36pt; color: #333333;\"><em><span style=\"font-family: Anton; letter-spacing: 1px;\">PRZYDATNE INFORMACJE<\/span><\/em><\/span><\/h1><\/div><\/div><div class=\"vce vce-separator-container vce-separator--align-right vce-separator--style-solid\" id=\"el-9041efb3\" data-vce-do-apply=\"margin el-9041efb3\"><div class=\"vce-separator vce-separator--color-ba-0-178-227-0-56 vce-separator--width-20 vce-separator--thickness-3\" data-vce-do-apply=\"border padding background  el-9041efb3\"><\/div><\/div><\/div><\/div><\/div><\/div><\/div><\/div><div class=\"vce-row-container\" data-vce-boxed-width=\"true\"><div class=\"vce-row vce-row--col-gap-30 vce-row-equal-height vce-row-content--top\" id=\"el-1e723a36\" data-vce-do-apply=\"all el-1e723a36\"><div class=\"vce-content-background-container\"><\/div><div class=\"vce-row-content\" data-vce-element-content=\"true\"><div class=\"vce-col vce-col--md-auto vce-col--xs-1 vce-col--xs-last vce-col--xs-first vce-col--sm-last vce-col--sm-first vce-col--md-last vce-col--lg-last vce-col--xl-last vce-col--md-first vce-col--lg-first vce-col--xl-first\" id=\"el-f0d86a5f\"><div class=\"vce-col-inner\" data-vce-do-apply=\"border margin background  el-f0d86a5f\"><div class=\"vce-col-content\" data-vce-element-content=\"true\" data-vce-do-apply=\"padding el-f0d86a5f\"><div class=\"vce-text-block\"><div class=\"vce-text-block-wrapper vce\" id=\"el-ecac11a8\" data-vce-do-apply=\"all el-ecac11a8\"><p style=\"text-align: justify; line-height: 1.5;\"><span style=\"font-size: 14pt;\">Poni\u017cej mo\u017cna znale\u017a\u0107 szereg praktycznych informacji, przydatnych dla wszystkich os\u00f3b przybywaj\u0105cych do Centrum Zdrowia Jomadent. Zamieszczamy informacje o tym jak si\u0119 przygotowa\u0107 do zabiegu, formularze i druki do pobrania i inne.<\/span><\/p>\n<hr>\n<p style=\"text-align: justify; line-height: 1.5;\"><strong><span style=\"font-size: 16pt;\">DOKUMENTY DO POBRANIA:<\/span><\/strong><\/p><\/div><\/div><\/div><\/div><\/div><\/div><\/div><\/div><div class=\"vce-row-container\" data-vce-boxed-width=\"true\"><div class=\"vce-row vce-row--col-gap-30 vce-row-equal-height vce-row-content--top\" id=\"el-1d0b912f\" data-vce-do-apply=\"all el-1d0b912f\"><div class=\"vce-content-background-container\"><\/div><div class=\"vce-row-content\" data-vce-element-content=\"true\"><div class=\"vce-col vce-col--md-auto vce-col--xs-1 vce-col--xs-last vce-col--xs-first vce-col--sm-last vce-col--sm-first vce-col--md-first vce-col--lg-first vce-col--xl-first\" id=\"el-bc964028\"><div class=\"vce-col-inner\" data-vce-do-apply=\"border margin background  el-bc964028\"><div class=\"vce-col-content\" data-vce-element-content=\"true\" data-vce-do-apply=\"padding el-bc964028\"><div class=\"vce vce-semi-filled-message-box vce-semi-filled-message-box-style--custom\" id=\"el-dca016b4\" data-vce-do-apply=\"margin padding border background  el-dca016b4\" style=\"--background: #39CCCC; --iconColor: #fff;\"><div class=\"vce-semi-filled-message-box-inner\"><span class=\"vce-semi-filled-message-box-icon vcv-ui-icon-material vcv-ui-icon-material-picture_as_pdf\"><\/span><span class=\"vce-semi-filled-message-box-text\"><p><span style=\"color: #808080; font-size: 12pt;\"><a style=\"color: #808080;\" href=\"https:\/\/klienci.inter-aktywni.pl\/jomadent-kopia\/pobranie\/UPOWAZNIENIE-DO-ODBIORU-DM.pdf\" target=\"_blank\" rel=\"noopener\">UPOWA\u017bNIENIE DO ODBIORU DOKUMENTACJI MEDYCZNEJ<\/a><\/span><\/p><\/span><\/div><\/div><\/div><\/div><\/div><div class=\"vce-col vce-col--md-auto vce-col--xs-1 vce-col--xs-last vce-col--xs-first vce-col--sm-last vce-col--sm-first vce-col--md-last vce-col--lg-last vce-col--xl-last\" id=\"el-2b13ac59\"><div class=\"vce-col-inner\" data-vce-do-apply=\"border margin background  el-2b13ac59\"><div class=\"vce-col-content\" data-vce-element-content=\"true\" data-vce-do-apply=\"padding el-2b13ac59\"><div class=\"vce vce-semi-filled-message-box vce-semi-filled-message-box-style--custom\" id=\"el-924d7409\" data-vce-do-apply=\"margin padding border background  el-924d7409\" style=\"--background: #39CCCC; --iconColor: #fff;\"><div class=\"vce-semi-filled-message-box-inner\"><span class=\"vce-semi-filled-message-box-icon vcv-ui-icon-material vcv-ui-icon-material-picture_as_pdf\"><\/span><span class=\"vce-semi-filled-message-box-text\"><p><span style=\"color: #808080; font-size: 12pt;\"><a style=\"color: #808080;\" href=\"https:\/\/klienci.inter-aktywni.pl\/jomadent-kopia\/pobranie\/WNIOSEK-O-UDOSTEPNIENIE-DM.pdf\" target=\"_blank\" rel=\"noopener\">WNIOSEK O UDOST\u0118PNIENIE DOKUMENTACJI MEDYCZNEJ<\/a><\/span><\/p><\/span><\/div><\/div><\/div><\/div><\/div><\/div><\/div><\/div><div class=\"vce-row-container\" data-vce-boxed-width=\"true\"><div class=\"vce-row vce-row--col-gap-30 vce-row-equal-height vce-row-content--top\" id=\"el-f98f059d\" data-vce-do-apply=\"all el-f98f059d\"><div class=\"vce-content-background-container\"><\/div><div class=\"vce-row-content\" data-vce-element-content=\"true\"><div class=\"vce-col vce-col--md-auto vce-col--xs-1 vce-col--xs-last vce-col--xs-first vce-col--sm-last vce-col--sm-first vce-col--md-first vce-col--lg-first vce-col--xl-first\" id=\"el-b192acfb\"><div class=\"vce-col-inner\" data-vce-do-apply=\"border margin background  el-b192acfb\"><div class=\"vce-col-content\" data-vce-element-content=\"true\" data-vce-do-apply=\"padding el-b192acfb\"><div class=\"vce vce-semi-filled-message-box vce-semi-filled-message-box-style--custom\" id=\"el-7399cfe2\" data-vce-do-apply=\"margin padding border background  el-7399cfe2\" style=\"--background: #39CCCC; --iconColor: #fff;\"><div class=\"vce-semi-filled-message-box-inner\"><span class=\"vce-semi-filled-message-box-icon vcv-ui-icon-material vcv-ui-icon-material-picture_as_pdf\"><\/span><span class=\"vce-semi-filled-message-box-text\"><p><span style=\"color: #808080; font-size: 12pt;\"><a style=\"color: #808080;\" href=\"https:\/\/klienci.inter-aktywni.pl\/jomadent-kopia\/pobranie\/ZGODA-OP-PACJENTA-N-do-18.pdf\" target=\"_blank\" rel=\"noopener\">ZGODA OPIEKUNA PRAWNEGO NA UDZIELENIE \u015aWIADCZENIA ZDROWOTNEGO OSOBOM DO 18 ROKU \u017bYCIA<\/a><\/span><\/p><\/span><\/div><\/div><\/div><\/div><\/div><div class=\"vce-col vce-col--md-auto vce-col--xs-1 vce-col--xs-last vce-col--xs-first vce-col--sm-last vce-col--sm-first vce-col--md-last vce-col--lg-last vce-col--xl-last\" id=\"el-b4301034\"><div class=\"vce-col-inner\" data-vce-do-apply=\"border margin background  el-b4301034\"><div class=\"vce-col-content\" data-vce-element-content=\"true\" data-vce-do-apply=\"padding el-b4301034\"><div class=\"vce vce-semi-filled-message-box vce-semi-filled-message-box-style--custom\" id=\"el-68bf1015\" data-vce-do-apply=\"margin padding border background  el-68bf1015\" style=\"--background: #39CCCC; --iconColor: #fff;\"><div class=\"vce-semi-filled-message-box-inner\"><span class=\"vce-semi-filled-message-box-icon vcv-ui-icon-material vcv-ui-icon-material-picture_as_pdf\"><\/span><span class=\"vce-semi-filled-message-box-text\"><p><span style=\"color: #808080; font-size: 12pt;\"><a style=\"color: #808080;\" href=\"https:\/\/klienci.inter-aktywni.pl\/jomadent-kopia\/pobranie\/ZGODA-OP-PACJENTA-N_16_18.pdf\" target=\"_blank\" rel=\"noopener\">ZGODA OPIEKUNA PRAWNEGO NA UDZIELENIE \u015aWIADCZENIA ZDROWOTNEGO OSOBOM W WIEKU 16-18 ROK \u017bYCIA<\/a><\/span><\/p><\/span><\/div><\/div><\/div><\/div><\/div><\/div><\/div><\/div>\n","protected":false},"excerpt":{"rendered":"<p>DLA PACJENTAPRZYDATNE INFORMACJEPoni\u017cej mo\u017cna znale\u017a\u0107 szereg praktycznych informacji, przydatnych dla wszystkich os\u00f3b przybywaj\u0105cych do Centrum Zdrowia Jomadent. Zamieszczamy informacje o tym jak si\u0119 przygotowa\u0107 do zabiegu, formularze i druki do pobrania i inne. DOKUMENTY DO POBRANIA:UPOWA\u017bNIENIE DO ODBIORU DOKUMENTACJI MEDYCZNEJWNIOSEK O UDOST\u0118PNIENIE DOKUMENTACJI MEDYCZNEJZGODA OPIEKUNA PRAWNEGO NA UDZIELENIE \u015aWIADCZENIA ZDROWOTNEGO OSOBOM DO 18 ROKU \u017bYCIAZGODA [&hellip;]<\/p>\n","protected":false},"author":1,"featured_media":0,"parent":0,"menu_order":0,"comment_status":"closed","ping_status":"closed","template":"","meta":{"_acf_changed":false,"_monsterinsights_skip_tracking":false,"_monsterinsights_sitenote_active":false,"_monsterinsights_sitenote_note":"","_monsterinsights_sitenote_category":0,"site-sidebar-layout":"default","site-content-layout":"default","ast-site-content-layout":"default","site-content-style":"default","site-sidebar-style":"default","ast-global-header-display":"","ast-banner-title-visibility":"","ast-main-header-display":"","ast-hfb-above-header-display":"","ast-hfb-below-header-display":"","ast-hfb-mobile-header-display":"","site-post-title":"","ast-breadcrumbs-content":"","ast-featured-img":"","footer-sml-layout":"","ast-disable-related-posts":"","theme-transparent-header-meta":"default","adv-header-id-meta":"","stick-header-meta":"","header-above-stick-meta":"","header-main-stick-meta":"","header-below-stick-meta":"","astra-migrate-meta-layouts":"default","ast-page-background-enabled":"default","ast-page-background-meta":{"desktop":{"background-color":"var(--ast-global-color-4)","background-image":"","background-repeat":"repeat","background-position":"center center","background-size":"auto","background-attachment":"scroll","background-type":"","background-media":"","overlay-type":"","overlay-color":"","overlay-opacity":"","overlay-gradient":""},"tablet":{"background-color":"","background-image":"","background-repeat":"repeat","background-position":"center center","background-size":"auto","background-attachment":"scroll","background-type":"","background-media":"","overlay-type":"","overlay-color":"","overlay-opacity":"","overlay-gradient":""},"mobile":{"background-color":"","background-image":"","background-repeat":"repeat","background-position":"center center","background-size":"auto","background-attachment":"scroll","background-type":"","background-media":"","overlay-type":"","overlay-color":"","overlay-opacity":"","overlay-gradient":""}},"ast-content-background-meta":{"desktop":{"background-color":"var(--ast-global-color-5)","background-image":"","background-repeat":"repeat","background-position":"center center","background-size":"auto","background-attachment":"scroll","background-type":"","background-media":"","overlay-type":"","overlay-color":"","overlay-opacity":"","overlay-gradient":""},"tablet":{"background-color":"var(--ast-global-color-5)","background-image":"","background-repeat":"repeat","background-position":"center center","background-size":"auto","background-attachment":"scroll","background-type":"","background-media":"","overlay-type":"","overlay-color":"","overlay-opacity":"","overlay-gradient":""},"mobile":{"background-color":"var(--ast-global-color-5)","background-image":"","background-repeat":"repeat","background-position":"center center","background-size":"auto","background-attachment":"scroll","background-type":"","background-media":"","overlay-type":"","overlay-color":"","overlay-opacity":"","overlay-gradient":""}},"footnotes":""},"class_list":["post-1077","page","type-page","status-publish","hentry"],"acf":[],"rttpg_featured_image_url":null,"rttpg_author":{"display_name":"admin","author_link":"https:\/\/klienci.inter-aktywni.pl\/jomadent-kopia\/author\/admin\/"},"rttpg_comment":0,"rttpg_category":null,"rttpg_excerpt":"DLA PACJENTAPRZYDATNE INFORMACJEPoni\u017cej mo\u017cna znale\u017a\u0107 szereg praktycznych informacji, przydatnych dla wszystkich os\u00f3b przybywaj\u0105cych do Centrum Zdrowia Jomadent. Zamieszczamy informacje o tym jak si\u0119 przygotowa\u0107 do zabiegu, formularze i druki do pobrania i inne. DOKUMENTY DO POBRANIA:UPOWA\u017bNIENIE DO ODBIORU DOKUMENTACJI MEDYCZNEJWNIOSEK O UDOST\u0118PNIENIE DOKUMENTACJI MEDYCZNEJZGODA OPIEKUNA PRAWNEGO NA UDZIELENIE \u015aWIADCZENIA ZDROWOTNEGO OSOBOM DO 18 ROKU \u017bYCIAZGODA&hellip;","_links":{"self":[{"href":"https:\/\/klienci.inter-aktywni.pl\/jomadent-kopia\/wp-json\/wp\/v2\/pages\/1077","targetHints":{"allow":["GET"]}}],"collection":[{"href":"https:\/\/klienci.inter-aktywni.pl\/jomadent-kopia\/wp-json\/wp\/v2\/pages"}],"about":[{"href":"https:\/\/klienci.inter-aktywni.pl\/jomadent-kopia\/wp-json\/wp\/v2\/types\/page"}],"author":[{"embeddable":true,"href":"https:\/\/klienci.inter-aktywni.pl\/jomadent-kopia\/wp-json\/wp\/v2\/users\/1"}],"replies":[{"embeddable":true,"href":"https:\/\/klienci.inter-aktywni.pl\/jomadent-kopia\/wp-json\/wp\/v2\/comments?post=1077"}],"version-history":[{"count":0,"href":"https:\/\/klienci.inter-aktywni.pl\/jomadent-kopia\/wp-json\/wp\/v2\/pages\/1077\/revisions"}],"wp:attachment":[{"href":"https:\/\/klienci.inter-aktywni.pl\/jomadent-kopia\/wp-json\/wp\/v2\/media?parent=1077"}],"curies":[{"name":"wp","href":"https:\/\/api.w.org\/{rel}","templated":true}]}}